{"id":41,"date":"2018-12-06T08:41:51","date_gmt":"2018-12-06T08:41:51","guid":{"rendered":"http:\/\/abraxportasejanelas.com.br\/site\/?page_id=41"},"modified":"2020-12-21T08:54:07","modified_gmt":"2020-12-21T08:54:07","slug":"home","status":"publish","type":"page","link":"https:\/\/abraxportasejanelas.com.br\/site\/","title":{"rendered":"Home"},"content":{"rendered":"<p>[et_pb_section fb_built=&#8221;1&#8243; _builder_version=&#8221;3.22&#8243; background_position=&#8221;bottom_center&#8221; custom_padding=&#8221;0|0px|0|0px|false|false&#8221;][et_pb_row use_custom_gutter=&#8221;on&#8221; gutter_width=&#8221;1&#8243; module_class=&#8221; et_pb_row_fullwidth&#8221; _builder_version=&#8221;3.25&#8243; background_image=&#8221;https:\/\/abraxportasejanelas.com.br\/site\/wp-content\/uploads\/2018\/12\/capa-01.jpg&#8221; background_size=&#8221;initial&#8221; background_position=&#8221;bottom_center&#8221; background_repeat=&#8221;repeat&#8221; width=&#8221;100%&#8221; width_tablet=&#8221;100%&#8221; width_phone=&#8221;&#8221; width_last_edited=&#8221;on|desktop&#8221; max_width=&#8221;100%&#8221; max_width_tablet=&#8221;100%&#8221; max_width_phone=&#8221;&#8221; max_width_last_edited=&#8221;on|desktop&#8221; custom_padding=&#8221;0|0px|0|0px|false|false&#8221; custom_css_main_element=&#8221;height: 50vh;\t\t&#8221; make_fullwidth=&#8221;on&#8221;][et_pb_column type=&#8221;4_4&#8243; _builder_version=&#8221;3.25&#8243; custom_padding=&#8221;|||&#8221; custom_css_main_element=&#8221;height: 50vh;\t\t&#8221; custom_padding__hover=&#8221;|||&#8221;][\/et_pb_column][\/et_pb_row][et_pb_row _builder_version=&#8221;3.25&#8243; background_size=&#8221;initial&#8221; background_position=&#8221;top_left&#8221; background_repeat=&#8221;repeat&#8221; custom_padding=&#8221;27px|0px|0|0px|false|false&#8221;][et_pb_column type=&#8221;4_4&#8243; _builder_version=&#8221;3.25&#8243; custom_padding=&#8221;|||&#8221; custom_padding__hover=&#8221;|||&#8221;][et_pb_text _builder_version=&#8221;3.27.4&#8243; header_text_align=&#8221;center&#8221; text_orientation=&#8221;center&#8221; custom_margin=&#8221;||25px&#8221; animation_style=&#8221;fade&#8221;]<\/p>\n<h1 style=\"text-align: center;\"><span style=\"color: #1a4d7a;\">ABRA POSSIBILIDADES<\/span><br \/> <span style=\"color: #1a4d7a;\"><strong>GARANTA SATISFA\u00c7\u00c3O<\/strong><\/span><\/h1>\n<p>[\/et_pb_text][\/et_pb_column][\/et_pb_row][\/et_pb_section][et_pb_section fb_built=&#8221;1&#8243; _builder_version=&#8221;3.22&#8243; background_color=&#8221;#1a4d7a&#8221; locked=&#8221;off&#8221;][et_pb_row use_custom_gutter=&#8221;on&#8221; gutter_width=&#8221;1&#8243; module_class=&#8221; et_pb_row_fullwidth&#8221; _builder_version=&#8221;3.25&#8243; background_size=&#8221;initial&#8221; background_position=&#8221;top_left&#8221; background_repeat=&#8221;repeat&#8221; width=&#8221;100%&#8221; width_tablet=&#8221;100%&#8221; width_phone=&#8221;&#8221; width_last_edited=&#8221;on|desktop&#8221; max_width=&#8221;100%&#8221; max_width_tablet=&#8221;100%&#8221; max_width_phone=&#8221;&#8221; max_width_last_edited=&#8221;on|desktop&#8221; custom_padding=&#8221;0|0px|0|0px|false|false&#8221; make_fullwidth=&#8221;on&#8221;][et_pb_column type=&#8221;4_4&#8243; _builder_version=&#8221;3.25&#8243; custom_padding=&#8221;|||&#8221; custom_padding__hover=&#8221;|||&#8221;][et_pb_image src=&#8221;https:\/\/abraxportasejanelas.com.br\/site\/wp-content\/uploads\/2018\/12\/05-businessman-chairs-facial-expression-716411.jpg&#8221; force_fullwidth=&#8221;on&#8221; align_tablet=&#8221;center&#8221; align_phone=&#8221;&#8221; align_last_edited=&#8221;on|desktop&#8221; _builder_version=&#8221;3.23&#8243;]<br \/>\n[\/et_pb_image][\/et_pb_column][\/et_pb_row][et_pb_row column_structure=&#8221;1_3,2_3&#8243; module_id=&#8221;quem&#8221; _builder_version=&#8221;3.25&#8243; background_size=&#8221;initial&#8221; background_position=&#8221;top_left&#8221; background_repeat=&#8221;repeat&#8221; custom_padding=&#8221;27px|0px|0|0px|false|false&#8221;][et_pb_column type=&#8221;1_3&#8243; _builder_version=&#8221;3.25&#8243; custom_padding=&#8221;|||&#8221; custom_padding__hover=&#8221;|||&#8221;][et_pb_text _builder_version=&#8221;3.27.4&#8243; text_text_color=&#8221;#59a3d1&#8243; inline_fonts=&#8221;Kaushan Script&#8221;]<\/p>\n<h1 style=\"text-align: right;\"><span style=\"color: #59a3d1;\">Nossa hist\u00f3ria <\/span><br \/>\n<span style=\"color: #59a3d1; font-family: Kaushan Script; font-weight: normal; font-size: 60px;\">conquista uma nova etapa<\/span><\/h1>\n<p>[\/et_pb_text][\/et_pb_column][et_pb_column type=&#8221;2_3&#8243; _builder_version=&#8221;3.25&#8243; custom_padding=&#8221;|||&#8221; custom_padding__hover=&#8221;|||&#8221;][et_pb_text _builder_version=&#8221;4.5.3&#8243; background_layout=&#8221;dark&#8221; min_height=&#8221;168px&#8221;]<\/p>\n<h4>Visando profissionalizar a nossa gest\u00e3o e estreitar os la\u00e7os com nossos clientes, estamos dando um novo passo em nossa hist\u00f3ria, elevando a nossa marca a um novo posicionamento. Agora passaremos a nos denominar &#8220;<strong>ABRAX Portas e Janelas<\/strong>&#8220;. A partir dessa nova etapa, esperamos levar conosco os clientes j\u00e1 fidelizados e alcan\u00e7ar novas regi\u00f5es de atua\u00e7\u00e3o. O mesmo modo de fazer e o mesmo comprometimento de sempre, buscando consolidar nossa credibilidade enquanto neg\u00f3cio.<\/h4>\n<p>[\/et_pb_text][\/et_pb_column][\/et_pb_row][\/et_pb_section][et_pb_section fb_built=&#8221;1&#8243; module_id=&#8221;solucoes&#8221; _builder_version=&#8221;3.22&#8243; background_color=&#8221;#59a3d1&#8243; background_image=&#8221;https:\/\/abraxportasejanelas.com.br\/site\/wp-content\/uploads\/2018\/12\/a-adult-beautiful-beauty-915051.jpg&#8221; parallax=&#8221;on&#8221;][et_pb_row _builder_version=&#8221;3.25&#8243; background_size=&#8221;initial&#8221; background_position=&#8221;top_left&#8221; background_repeat=&#8221;repeat&#8221; min_height=&#8221;141px&#8221;][et_pb_column type=&#8221;4_4&#8243; _builder_version=&#8221;3.25&#8243; custom_padding=&#8221;|||&#8221; custom_padding__hover=&#8221;|||&#8221;][et_pb_text _builder_version=&#8221;3.27.4&#8243;]<\/p>\n<h1 style=\"text-align: center; color: #ffffff\"><strong>SOLU\u00c7\u00d5ES<\/strong><\/h1>\n<p>[\/et_pb_text][et_pb_text _builder_version=&#8221;3.27.4&#8243; text_font=&#8221;Kaushan Script||||||||&#8221; text_font_size=&#8221;40&#8243; background_layout=&#8221;dark&#8221;]<\/p>\n<p style=\"text-align: center;\">Mais significados, sensa\u00e7\u00f5es e sentimentos.<\/p>\n<p>[\/et_pb_text][\/et_pb_column][\/et_pb_row][et_pb_row column_structure=&#8221;1_2,1_2&#8243; _builder_version=&#8221;3.25&#8243; background_size=&#8221;initial&#8221; background_position=&#8221;top_left&#8221; background_repeat=&#8221;repeat&#8221; module_alignment=&#8221;center&#8221;][et_pb_column type=&#8221;1_2&#8243; _builder_version=&#8221;3.25&#8243; custom_padding=&#8221;|||&#8221; custom_padding__hover=&#8221;|||&#8221;][et_pb_text _builder_version=&#8221;3.27.4&#8243; background_layout=&#8221;dark&#8221;]<\/p>\n<p style=\"text-align: center;\">Escolha abaixo o material desejado.<\/p>\n<p>[\/et_pb_text][et_pb_button button_url=&#8221;https:\/\/abraxportasejanelas.com.br\/site\/madeiras\/&#8221; button_text=&#8221; Linha Alum\u00ednio&#8221; button_alignment=&#8221;center&#8221; _builder_version=&#8221;3.19&#8243; custom_button=&#8221;on&#8221; button_font=&#8221;||||||||&#8221; background_layout=&#8221;dark&#8221; animation_style=&#8221;fade&#8221; custom_css_main_element=&#8221;min-width: 250px;||||&#8221;]<br \/>\n[\/et_pb_button][et_pb_button button_url=&#8221;https:\/\/abraxportasejanelas.com.br\/site\/aluminio\/&#8221; button_text=&#8221; Linha Madeira&#8221; button_alignment=&#8221;center&#8221; _builder_version=&#8221;3.19&#8243; background_layout=&#8221;dark&#8221; animation_style=&#8221;fade&#8221; custom_css_main_element=&#8221;min-width: 250px;&#8221;]<br \/>\n[\/et_pb_button][et_pb_button button_url=&#8221;https:\/\/abraxportasejanelas.com.br\/site\/vidro-temperado\/&#8221; button_text=&#8221; Linha Vidro&#8221; button_alignment=&#8221;center&#8221; _builder_version=&#8221;3.19&#8243; background_layout=&#8221;dark&#8221; animation_style=&#8221;fade&#8221; custom_css_main_element=&#8221;min-width: 250px;&#8221;]<br \/>\n[\/et_pb_button][\/et_pb_column][et_pb_column type=&#8221;1_2&#8243; _builder_version=&#8221;3.25&#8243; custom_padding=&#8221;|||&#8221; custom_padding__hover=&#8221;|||&#8221;][et_pb_text _builder_version=&#8221;3.27.4&#8243;]<\/p>\n<ul>\n<li>\n<h4><span style=\"color: #ffffff;\">Janelas venezianas<\/span><\/h4>\n<\/li>\n<li>\n<h4><span style=\"color: #ffffff;\">Janelas max-air<\/span><\/h4>\n<\/li>\n<li>\n<h4><span style=\"color: #ffffff;\">Janelas e portas de correr<\/span><\/h4>\n<\/li>\n<li>\n<h4><span style=\"color: #ffffff;\">Portas<em> (internas, externas e contrapeso)<\/em><\/span><\/h4>\n<\/li>\n<li>\n<h4><span style=\"color: #ffffff;\">Quadros fixos<\/span><\/h4>\n<\/li>\n<li>\n<h4><span style=\"color: #ffffff;\">Rodap\u00e9s<\/span><\/h4>\n<\/li>\n<li>\n<h4><span style=\"color: #ffffff;\">Revestimentos para escadas<\/span><\/h4>\n<\/li>\n<li>\n<h4><span style=\"color: #ffffff;\">Decks para banheiras e piscinas<\/span><\/h4>\n<\/li>\n<li>\n<h4><span style=\"color: #ffffff;\">Pergolados<\/span><\/li>\n<li>\n<h4><span style=\"color: #ffffff;\">Muros de vidro<em> (fechamento de sacadas)<\/em><\/span><\/h4>\n<\/li>\n<li>\n<h4><span style=\"color: #ffffff;\">Box<\/span><\/h4>\n<\/li>\n<\/ul>\n<p>[\/et_pb_text][\/et_pb_column][\/et_pb_row][\/et_pb_section][et_pb_section fb_built=&#8221;1&#8243; module_id=&#8221;servicos-complementares&#8221; _builder_version=&#8221;3.22&#8243; background_color=&#8221;#666666&#8243; background_image=&#8221;https:\/\/abraxportasejanelas.com.br\/site\/wp-content\/uploads\/2018\/12\/g-armchair-attractive-beautiful-761872.jpg&#8221; background_blend=&#8221;multiply&#8221; custom_css_main_element=&#8221;height: 50vh;&#8221;][et_pb_row _builder_version=&#8221;3.25&#8243; background_size=&#8221;initial&#8221; background_position=&#8221;top_left&#8221; background_repeat=&#8221;repeat&#8221;][et_pb_column type=&#8221;4_4&#8243; _builder_version=&#8221;3.25&#8243; custom_padding=&#8221;|||&#8221; custom_padding__hover=&#8221;|||&#8221;][et_pb_text _builder_version=&#8221;3.27.4&#8243; background_layout=&#8221;dark&#8221;]<\/p>\n<h1 style=\"text-align: center;\"><strong>SERVI\u00c7OS COMPLEMENTARES<\/strong><\/h1>\n<p>[\/et_pb_text][\/et_pb_column][\/et_pb_row][et_pb_row column_structure=&#8221;1_3,1_3,1_3&#8243; _builder_version=&#8221;3.25&#8243; background_size=&#8221;initial&#8221; background_position=&#8221;top_left&#8221; background_repeat=&#8221;repeat&#8221;][et_pb_column type=&#8221;1_3&#8243; _builder_version=&#8221;3.25&#8243; custom_padding=&#8221;|||&#8221; custom_padding__hover=&#8221;|||&#8221;][et_pb_toggle title=&#8221;INSTALA\u00c7\u00c3O&#8221; open_toggle_text_color=&#8221;#ffffff&#8221; open_toggle_background_color=&#8221;rgba(0,0,0,0)&#8221; closed_toggle_text_color=&#8221;#ffffff&#8221; closed_toggle_background_color=&#8221;rgba(0,0,0,0)&#8221; icon_color=&#8221;#59a3d1&#8243; _builder_version=&#8221;3.17.6&#8243; body_text_color=&#8221;#ffffff&#8221;]<\/p>\n<p><strong>INCLUSO<\/strong>:<\/p>\n<ul>\n<li>M\u00e3o de obra<\/li>\n<li>Espuma expansiva (madeira) e Silicone (alum\u00ednio e vidro temperado)<\/li>\n<li>Instala\u00e7\u00e3o de guarni\u00e7\u00e3o<\/li>\n<li>Arremates padr\u00e3o<\/li>\n<\/ul>\n<p>[\/et_pb_toggle][\/et_pb_column][et_pb_column type=&#8221;1_3&#8243; _builder_version=&#8221;3.25&#8243; custom_padding=&#8221;|||&#8221; custom_padding__hover=&#8221;|||&#8221;][et_pb_toggle title=&#8221;PINTURA FINAL&#8221; open_toggle_text_color=&#8221;#ffffff&#8221; open_toggle_background_color=&#8221;rgba(0,0,0,0)&#8221; closed_toggle_text_color=&#8221;#ffffff&#8221; closed_toggle_background_color=&#8221;rgba(0,0,0,0)&#8221; icon_color=&#8221;#59a3d1&#8243; _builder_version=&#8221;3.17.6&#8243; body_text_color=&#8221;#ffffff&#8221;]<\/p>\n<p><strong>INCLUSO<\/strong>:<\/p>\n<ul>\n<li>3 dem\u00e3os de Cetol ou tinta esmalte (acetinado ou brilho) de qualquer colora\u00e7\u00e3o<\/li>\n<li>M\u00e3o de obra<\/li>\n<li>Tinta e materiais necess\u00e1rios<\/li>\n<\/ul>\n<p>[\/et_pb_toggle][\/et_pb_column][et_pb_column type=&#8221;1_3&#8243; _builder_version=&#8221;3.25&#8243; custom_padding=&#8221;|||&#8221; custom_padding__hover=&#8221;|||&#8221;][et_pb_toggle title=&#8221;PROGRAMA DE P\u00d3S-VENDA&#8221; open_toggle_text_color=&#8221;#ffffff&#8221; open_toggle_background_color=&#8221;rgba(0,0,0,0)&#8221; closed_toggle_text_color=&#8221;#ffffff&#8221; closed_toggle_background_color=&#8221;rgba(0,0,0,0)&#8221; icon_color=&#8221;#59a3d1&#8243; _builder_version=&#8221;3.19&#8243; body_text_color=&#8221;#ffffff&#8221;]<\/p>\n<ul>\n<li>Relacionamento com o cliente<\/li>\n<li>3 anos de GARANTIA dos produtos e servi\u00e7os<\/li>\n<li>Melhoria cont\u00ednua dos processos, bem como dos produtos e servi\u00e7os oferecidos.<\/li>\n<\/ul>\n<p>[\/et_pb_toggle][\/et_pb_column][\/et_pb_row][\/et_pb_section][et_pb_section fb_built=&#8221;1&#8243; _builder_version=&#8221;3.22&#8243;][et_pb_row _builder_version=&#8221;3.25&#8243; custom_padding=&#8221;27px|0px|0|0px|false|false&#8221;][et_pb_column type=&#8221;4_4&#8243; _builder_version=&#8221;3.25&#8243; custom_padding=&#8221;|||&#8221; custom_padding__hover=&#8221;|||&#8221;][et_pb_text _builder_version=&#8221;3.27.4&#8243; text_font=&#8221;||||||||&#8221; text_text_color=&#8221;#174f7c&#8221; header_font=&#8221;||||||||&#8221; header_text_color=&#8221;#174f7c&#8221; min_height=&#8221;54px&#8221;]<\/p>\n<h1 style=\"text-align: center;\"><strong>CONFIRA NOSSAS NOVIDADES!<\/strong><\/h1>\n<p>[\/et_pb_text][\/et_pb_column][\/et_pb_row][\/et_pb_section][et_pb_section fb_built=&#8221;1&#8243; fullwidth=&#8221;on&#8221; _builder_version=&#8221;4.5.3&#8243; _module_preset=&#8221;default&#8221;][et_pb_fullwidth_code _builder_version=&#8221;4.5.3&#8243; _module_preset=&#8221;default&#8221; max_height=&#8221;1080px&#8221;]\n<div id=\"sb_instagram\"  class=\"sbi sbi_mob_col_1 sbi_tab_col_2 sbi_col_4\" style=\"width: 100%; height: 100%;\"\t data-feedid=\"sbi_17841422556436769#20\"  data-res=\"auto\" data-cols=\"4\" data-colsmobile=\"1\" data-colstablet=\"2\" data-num=\"20\" data-nummobile=\"\" data-item-padding=\"\"\t data-shortcode-atts=\"{}\"  data-postid=\"41\" data-locatornonce=\"8ab7937c85\" data-imageaspectratio=\"1:1\" data-sbi-flags=\"favorLocal\">\n\t\n\t<div id=\"sbi_images\" >\n\t\t\t<\/div>\n\n\t<div id=\"sbi_load\" >\n\n\t\n\t\n<\/div>\n\t\t<span class=\"sbi_resized_image_data\" data-feed-id=\"sbi_17841422556436769#20\"\n\t\t  data-resized=\"[]\">\n\t<\/span>\n\t<\/div>\n\n<script type=\"text\/javascript\">var sb_instagram_js_options = {\"font_method\":\"svg\",\"placeholder\":\"https:\\\/\\\/abraxportasejanelas.com.br\\\/site\\\/wp-content\\\/plugins\\\/instagram-feed\\\/img\\\/placeholder.png\",\"resized_url\":\"https:\\\/\\\/abraxportasejanelas.com.br\\\/site\\\/wp-content\\\/uploads\\\/sb-instagram-feed-images\\\/\",\"ajax_url\":\"https:\\\/\\\/abraxportasejanelas.com.br\\\/site\\\/wp-admin\\\/admin-ajax.php\"};<\/script><script type='text\/javascript' src='https:\/\/abraxportasejanelas.com.br\/site\/wp-content\/plugins\/instagram-feed\/js\/sbi-scripts.min.js?ver=6.9.1'><\/script>[\/et_pb_fullwidth_code][\/et_pb_section][et_pb_section fb_built=&#8221;1&#8243; module_id=&#8221;gestao-ambiental&#8221; _builder_version=&#8221;3.22&#8243; background_color=&#8221;#1a4d7a&#8221; background_image=&#8221;https:\/\/abraxportasejanelas.com.br\/site\/wp-content\/uploads\/2018\/12\/h-house-2595677_1920.jpg&#8221; background_blend=&#8221;multiply&#8221;][et_pb_row _builder_version=&#8221;3.25&#8243; background_size=&#8221;initial&#8221; background_position=&#8221;top_left&#8221; background_repeat=&#8221;repeat&#8221;][et_pb_column type=&#8221;4_4&#8243; _builder_version=&#8221;3.25&#8243; custom_padding=&#8221;|||&#8221; custom_padding__hover=&#8221;|||&#8221;][et_pb_text _builder_version=&#8221;3.27.4&#8243; background_layout=&#8221;dark&#8221; custom_padding=&#8221;20px|||||&#8221;]<\/p>\n<h1 style=\"text-align: center;\"><strong>GEST\u00c3O AMBIENTAL<\/strong><\/h1>\n<p>[\/et_pb_text][\/et_pb_column][\/et_pb_row][et_pb_row column_structure=&#8221;1_3,1_3,1_3&#8243; _builder_version=&#8221;3.25&#8243; background_size=&#8221;initial&#8221; background_position=&#8221;top_left&#8221; background_repeat=&#8221;repeat&#8221;][et_pb_column type=&#8221;1_3&#8243; _builder_version=&#8221;3.25&#8243; custom_padding=&#8221;|||&#8221; custom_padding__hover=&#8221;|||&#8221;][\/et_pb_column][et_pb_column type=&#8221;1_3&#8243; _builder_version=&#8221;3.25&#8243; custom_padding=&#8221;|||&#8221; custom_padding__hover=&#8221;|||&#8221;][et_pb_text module_class=&#8221;white-bullets&#8221; _builder_version=&#8221;3.27.4&#8243; text_orientation=&#8221;center&#8221; background_layout=&#8221;dark&#8221;]<\/p>\n<ul>\n<li style=\"text-align: left;\">\n<h2>Uso de madeiras de origem legal<\/h2>\n<\/li>\n<li style=\"text-align: left;\">\n<h2>Atendimento \u00e0s exig\u00eancias ambientais<\/h2>\n<\/li>\n<\/ul>\n<p>[\/et_pb_text][\/et_pb_column][et_pb_column type=&#8221;1_3&#8243; _builder_version=&#8221;3.25&#8243; custom_padding=&#8221;|||&#8221; custom_padding__hover=&#8221;|||&#8221;][\/et_pb_column][\/et_pb_row][\/et_pb_section]<\/p>\n","protected":false},"excerpt":{"rendered":"<p>[et_pb_section fb_built=&#8221;1&#8243; _builder_version=&#8221;3.22&#8243; background_position=&#8221;bottom_center&#8221; custom_padding=&#8221;0|0px|0|0px|false|false&#8221;][et_pb_row use_custom_gutter=&#8221;on&#8221; gutter_width=&#8221;1&#8243; module_class=&#8221; et_pb_row_fullwidth&#8221; _builder_version=&#8221;3.25&#8243; background_image=&#8221;https:\/\/abraxportasejanelas.com.br\/site\/wp-content\/uploads\/2018\/12\/capa-01.jpg&#8221; background_size=&#8221;initial&#8221; background_position=&#8221;bottom_center&#8221; background_repeat=&#8221;repeat&#8221; width=&#8221;100%&#8221; width_tablet=&#8221;100%&#8221; width_phone=&#8221;&#8221; width_last_edited=&#8221;on|desktop&#8221; max_width=&#8221;100%&#8221; max_width_tablet=&#8221;100%&#8221; max_width_phone=&#8221;&#8221; max_width_last_edited=&#8221;on|desktop&#8221; custom_padding=&#8221;0|0px|0|0px|false|false&#8221; custom_css_main_element=&#8221;height: 50vh; &#8221; make_fullwidth=&#8221;on&#8221;][et_pb_column type=&#8221;4_4&#8243; _builder_version=&#8221;3.25&#8243; custom_padding=&#8221;|||&#8221; custom_css_main_element=&#8221;height: 50vh; &#8221; custom_padding__hover=&#8221;|||&#8221;][\/et_pb_column][\/et_pb_row][et_pb_row _builder_version=&#8221;3.25&#8243; background_size=&#8221;initial&#8221; background_position=&#8221;top_left&#8221; background_repeat=&#8221;repeat&#8221; custom_padding=&#8221;27px|0px|0|0px|false|false&#8221;][et_pb_column type=&#8221;4_4&#8243; _builder_version=&#8221;3.25&#8243; custom_padding=&#8221;|||&#8221; custom_padding__hover=&#8221;|||&#8221;][et_pb_text _builder_version=&#8221;3.27.4&#8243; header_text_align=&#8221;center&#8221; text_orientation=&#8221;center&#8221; custom_margin=&#8221;||25px&#8221; animation_style=&#8221;fade&#8221;] ABRA POSSIBILIDADES GARANTA SATISFA\u00c7\u00c3O [\/et_pb_text][\/et_pb_column][\/et_pb_row][\/et_pb_section][et_pb_section fb_built=&#8221;1&#8243; _builder_version=&#8221;3.22&#8243; [&hellip;]<\/p>\n","protected":false},"author":1,"featured_media":0,"parent":0,"menu_order":0,"comment_status":"closed","ping_status":"closed","template":"","meta":{"_et_pb_use_builder":"on","_et_pb_old_content":"","_et_gb_content_width":"","footnotes":""},"class_list":["post-41","page","type-page","status-publish","hentry"],"_links":{"self":[{"href":"https:\/\/abraxportasejanelas.com.br\/site\/wp-json\/wp\/v2\/pages\/41","targetHints":{"allow":["GET"]}}],"collection":[{"href":"https:\/\/abraxportasejanelas.com.br\/site\/wp-json\/wp\/v2\/pages"}],"about":[{"href":"https:\/\/abraxportasejanelas.com.br\/site\/wp-json\/wp\/v2\/types\/page"}],"author":[{"embeddable":true,"href":"https:\/\/abraxportasejanelas.com.br\/site\/wp-json\/wp\/v2\/users\/1"}],"replies":[{"embeddable":true,"href":"https:\/\/abraxportasejanelas.com.br\/site\/wp-json\/wp\/v2\/comments?post=41"}],"version-history":[{"count":58,"href":"https:\/\/abraxportasejanelas.com.br\/site\/wp-json\/wp\/v2\/pages\/41\/revisions"}],"predecessor-version":[{"id":1198,"href":"https:\/\/abraxportasejanelas.com.br\/site\/wp-json\/wp\/v2\/pages\/41\/revisions\/1198"}],"wp:attachment":[{"href":"https:\/\/abraxportasejanelas.com.br\/site\/wp-json\/wp\/v2\/media?parent=41"}],"curies":[{"name":"wp","href":"https:\/\/api.w.org\/{rel}","templated":true}]}}